{"id":543,"date":"2017-02-13T21:44:20","date_gmt":"2017-02-13T20:44:20","guid":{"rendered":"http:\/\/lrphotographie.fr\/?page_id=543"},"modified":"2019-06-12T10:13:33","modified_gmt":"2019-06-12T09:13:33","slug":"accueil","status":"publish","type":"page","link":"https:\/\/lrphotographie.fr\/","title":{"rendered":"Accueil"},"content":{"rendered":"<div id=\"pl-543\"  class=\"panel-layout\" ><div id=\"pg-543-0\"  class=\"panel-grid panel-no-style\" ><div id=\"pgc-543-0-0\"  class=\"panel-grid-cell\" ><div id=\"panel-543-0-0-0\" class=\"so-panel widget widget_moesia_services moesia_services_widget panel-first-child\" data-index=\"0\" >\t\t<section id=\"services\" class=\"services-area\">\n\t\t\t<div class=\"container\">\n\t\t\t\t<h3 class=\"widget-title\"><span class=\"wow bounce\">Prestations<\/span><\/h3>\t\t\t\t\t\t\t\t\t\t\t\t\t\t\t\t\t\t\t<div class=\"service col-md-4 col-sm-6 col-xs-6\">\n\t\t\t\t\t\t\t\t\t\t\t\t\t\t\t\t\t\t\t\t<span class=\"service-icon wow zoomInDown\"><i class=\"fa fa fa-video-camera\"><\/i><\/span>\t\t\t\t\t\t\t\t\t\t\t\t<h4 class=\"service-title wow fadeInUp\"><a href=\"https:\/\/lrphotographie.fr\/index.php\/category\/videos\/\">Vid\u00e9o<\/a><\/h4><div class=\"service-desc wow fadeInUp\"><\/div>\t\t\t\t\t<\/div>\n\t\t\t\t\t\t\t\t\t\t\t\t\t\t\t\t\t\t\t<div class=\"service col-md-4 col-sm-6 col-xs-6\">\n\t\t\t\t\t\t\t\t\t\t\t\t\t\t\t\t\t\t\t\t<span class=\"service-icon wow zoomInDown\"><i class=\"fa fa fa-camera\"><\/i><\/span>\t\t\t\t\t\t\t\t\t\t\t\t<h4 class=\"service-title wow fadeInUp\"><a href=\"https:\/\/lrphotographie.fr\/index.php\/category\/photos\/\">Photo<\/a><\/h4><div class=\"service-desc wow fadeInUp\"><\/div>\t\t\t\t\t<\/div>\n\t\t\t\t\t\t\t<\/div>\n\t\t\t\t\t\t\t\t<style type=\"text\/css\">\n\t\t\t\t.services-area {\n\t\t\t\t    display: block;\t\t\t    \n\t\t\t\t\tbackground: url(https:\/\/lrphotographie.fr\/wp-content\/uploads\/2017\/02\/Geneve-001.jpg) no-repeat;\n\t\t\t\t\tbackground-position: center top;\n\t\t\t\t\tbackground-attachment: fixed;\n\t\t\t\t\tbackground-size: cover;\n\t\t\t\t\tz-index: -1;\n\t\t\t\t}\n\t\t\t\t.service {\n\t\t\t\t\tbackground-color: rgba(0,0,0,0.6);\n\t\t\t\t\tborder-right: 1px solid #5E5E5E;\n\t\t\t\t}\n\t\t\t\t.service:nth-of-type(3),\n\t\t\t\t.service:nth-of-type(6),\n\t\t\t\t.service:nth-of-type(7) {\n\t\t\t\t\tborder-right: 0;\n\t\t\t\t}\t\n\t\t\t<\/style>\n\t\t\t\t\t\t\n\t\t<\/section>\t\t\n\t<\/div><div id=\"panel-543-0-0-1\" class=\"so-panel widget widget_moesia_latest_news moesia_latest_news_widget panel-last-child\" data-index=\"1\" >\t\t<section id=\"latest-news\" class=\"latest-news-area\">\n\t\t\t<div class=\"container\">\n\t\t\t\t<h3 class=\"widget-title\"><span class=\"wow bounce\">Mat\u00e9riel<\/span><\/h3>\t\t\t\t<div class=\"clearfix\">\n\t\t\t\t\t\t\t\t\t\t\t<div class=\"blog-post col-md-4 col-sm-6 col-xs-6\">\n\t\t\t\t\t\t\t\t\t\t\t\t\t\t\t<div class=\"entry-thumb wow fadeInDown\">\n\t\t\t\t\t\t\t\t\t<a href=\"https:\/\/lrphotographie.fr\/index.php\/2019\/08\/24\/matrice-200-v2\/\" title=\"Matrice 200 V2\" >\n\t\t\t\t\t\t\t\t\t\t<img loading=\"lazy\" decoding=\"async\" width=\"400\" height=\"274\" src=\"https:\/\/lrphotographie.fr\/wp-content\/uploads\/2019\/08\/M200-400x274.png\" class=\"attachment-moesia-news-thumb size-moesia-news-thumb wp-post-image\" alt=\"\" srcset=\"https:\/\/lrphotographie.fr\/wp-content\/uploads\/2019\/08\/M200-400x274.png 400w, https:\/\/lrphotographie.fr\/wp-content\/uploads\/2019\/08\/M200-300x206.png 300w, https:\/\/lrphotographie.fr\/wp-content\/uploads\/2019\/08\/M200-768x527.png 768w, https:\/\/lrphotographie.fr\/wp-content\/uploads\/2019\/08\/M200-750x514.png 750w, https:\/\/lrphotographie.fr\/wp-content\/uploads\/2019\/08\/M200-430x295.png 430w, https:\/\/lrphotographie.fr\/wp-content\/uploads\/2019\/08\/M200-150x103.png 150w, https:\/\/lrphotographie.fr\/wp-content\/uploads\/2019\/08\/M200-100x69.png 100w, https:\/\/lrphotographie.fr\/wp-content\/uploads\/2019\/08\/M200.png 980w\" sizes=\"auto, (max-width: 400px) 100vw, 400px\" \/>\t\t\t\t\t\t\t\t\t<\/a>\t\t\t\n\t\t\t\t\t\t\t\t<\/div>\t\n\t\t\t\t\t\t\t\t\t\t\t\t\t\n\t\t\t\t\t\t\t<h4 class=\"entry-title\"><a href=\"https:\/\/lrphotographie.fr\/index.php\/2019\/08\/24\/matrice-200-v2\/\" rel=\"bookmark\">Matrice 200 V2<\/a><\/h4>\t\t\t\t\t\t\t<div class=\"entry-summary wow fadeInUp\"><p>Pens\u00e9 pour durer. Con\u00e7u pour s&rsquo;adapter.<\/p>\n<\/div>\n\t\t\t\t\t\t<\/div>\n\t\t\t\t\t\t\t\t\t\t\t<div class=\"blog-post col-md-4 col-sm-6 col-xs-6\">\n\t\t\t\t\t\t\t\t\t\t\t\t\t\t\t<div class=\"entry-thumb wow fadeInDown\">\n\t\t\t\t\t\t\t\t\t<a href=\"https:\/\/lrphotographie.fr\/index.php\/2019\/08\/24\/z30\/\" title=\"Z30\" >\n\t\t\t\t\t\t\t\t\t\t<img loading=\"lazy\" decoding=\"async\" width=\"320\" height=\"320\" src=\"https:\/\/lrphotographie.fr\/wp-content\/uploads\/2019\/08\/Z30.png\" class=\"attachment-moesia-news-thumb size-moesia-news-thumb wp-post-image\" alt=\"\" srcset=\"https:\/\/lrphotographie.fr\/wp-content\/uploads\/2019\/08\/Z30.png 320w, https:\/\/lrphotographie.fr\/wp-content\/uploads\/2019\/08\/Z30-150x150.png 150w, https:\/\/lrphotographie.fr\/wp-content\/uploads\/2019\/08\/Z30-300x300.png 300w, https:\/\/lrphotographie.fr\/wp-content\/uploads\/2019\/08\/Z30-100x100.png 100w\" sizes=\"auto, (max-width: 320px) 100vw, 320px\" \/>\t\t\t\t\t\t\t\t\t<\/a>\t\t\t\n\t\t\t\t\t\t\t\t<\/div>\t\n\t\t\t\t\t\t\t\t\t\t\t\t\t\n\t\t\t\t\t\t\t<h4 class=\"entry-title\"><a href=\"https:\/\/lrphotographie.fr\/index.php\/2019\/08\/24\/z30\/\" rel=\"bookmark\">Z30<\/a><\/h4>\t\t\t\t\t\t\t<div class=\"entry-summary wow fadeInUp\"><p>Cam\u00e9ra a\u00e9rienne int\u00e9gr\u00e9e avec zoom optique 30x.<\/p>\n<\/div>\n\t\t\t\t\t\t<\/div>\n\t\t\t\t\t\t\t\t\t\t\t<div class=\"blog-post col-md-4 col-sm-6 col-xs-6\">\n\t\t\t\t\t\t\t\t\t\t\t\t\t\t\t<div class=\"entry-thumb wow fadeInDown\">\n\t\t\t\t\t\t\t\t\t<a href=\"https:\/\/lrphotographie.fr\/index.php\/2019\/01\/02\/zenmuse-x7\/\" title=\"Zenmuse X7\" >\n\t\t\t\t\t\t\t\t\t\t<img loading=\"lazy\" decoding=\"async\" width=\"400\" height=\"245\" src=\"https:\/\/lrphotographie.fr\/wp-content\/uploads\/2019\/02\/ZenmuseX7-400x245.jpg\" class=\"attachment-moesia-news-thumb size-moesia-news-thumb wp-post-image\" alt=\"\" srcset=\"https:\/\/lrphotographie.fr\/wp-content\/uploads\/2019\/02\/ZenmuseX7-400x245.jpg 400w, https:\/\/lrphotographie.fr\/wp-content\/uploads\/2019\/02\/ZenmuseX7-300x184.jpg 300w, https:\/\/lrphotographie.fr\/wp-content\/uploads\/2019\/02\/ZenmuseX7-768x471.jpg 768w, https:\/\/lrphotographie.fr\/wp-content\/uploads\/2019\/02\/ZenmuseX7-1024x628.jpg 1024w, https:\/\/lrphotographie.fr\/wp-content\/uploads\/2019\/02\/ZenmuseX7-750x460.jpg 750w, https:\/\/lrphotographie.fr\/wp-content\/uploads\/2019\/02\/ZenmuseX7-430x264.jpg 430w, https:\/\/lrphotographie.fr\/wp-content\/uploads\/2019\/02\/ZenmuseX7-150x92.jpg 150w, https:\/\/lrphotographie.fr\/wp-content\/uploads\/2019\/02\/ZenmuseX7-100x61.jpg 100w\" sizes=\"auto, (max-width: 400px) 100vw, 400px\" \/>\t\t\t\t\t\t\t\t\t<\/a>\t\t\t\n\t\t\t\t\t\t\t\t<\/div>\t\n\t\t\t\t\t\t\t\t\t\t\t\t\t\n\t\t\t\t\t\t\t<h4 class=\"entry-title\"><a href=\"https:\/\/lrphotographie.fr\/index.php\/2019\/01\/02\/zenmuse-x7\/\" rel=\"bookmark\">Zenmuse X7<\/a><\/h4>\t\t\t\t\t\t\t<div class=\"entry-summary wow fadeInUp\"><p>Cam\u00e9ra Super 35 proposant une qualit\u00e9 professionnelle. Avec son capteur APS-C de 24 m\u00e9gapixels, elle dispose d&rsquo;une plage dynamique de 14 diaphragmes pr\u00e9servant ainsi une finesse et un niveau de [&hellip;]<\/p>\n<\/div>\n\t\t\t\t\t\t<\/div>\n\t\t\t\t\t\t\t\t\t<\/div>\n\t\t\t\t\t\t\t\t\t\t\t\t<a href=\"https:\/\/lrphotographie.fr\/index.php\/category\/materiel\/\" class=\"all-news\">\n\t\t\t\t\t\t\t\t\t\t\t\t\t\t\tEn voir plus ...\t\t\t\t\t\t\t\t\t<\/a>\n\t\t\t<\/div>\n\t\t\t\t\t\t\n\t\t<\/section>\t\t\n\t<\/div><\/div><\/div><div id=\"pg-543-1\"  class=\"panel-grid panel-has-style\" ><div style=\"background-color: #000000; \" class=\"panel-row-style panel-row-style-for-543-1\" ><div id=\"pgc-543-1-0\"  class=\"panel-grid-cell\" ><div id=\"panel-543-1-0-0\" class=\"so-panel widget widget_moesia_video_widget moesia_video_widget_widget panel-first-child\" data-index=\"2\" ><div class=\"panel-widget-style panel-widget-style-for-543-1-0-0\" ><\/div><\/div><div id=\"panel-543-1-0-1\" class=\"so-panel widget widget_text panel-last-child\" data-index=\"3\" >\t\t\t<div class=\"textwidget\"><script>\n  (function(i,s,o,g,r,a,m){i['GoogleAnalyticsObject']=r;i[r]=i[r]||function(){\n  (i[r].q=i[r].q||[]).push(arguments)},i[r].l=1*new Date();a=s.createElement(o),\n  m=s.getElementsByTagName(o)[0];a.async=1;a.src=g;m.parentNode.insertBefore(a,m)\n  })(window,document,'script','https:\/\/www.google-analytics.com\/analytics.js','ga');\n\n  ga('create', 'UA-96338634-1', 'auto');\n  ga('send', 'pageview');\n\n<\/script>\n\n<\/div>\n\t\t<\/div><\/div><\/div><\/div><\/div>","protected":false},"excerpt":{"rendered":"<p>Prestations Vid\u00e9o Photo Mat\u00e9riel Matrice 200 V2 Pens\u00e9 pour durer. Con\u00e7u pour s&rsquo;adapter. Z30 Cam\u00e9ra a\u00e9rienne int\u00e9gr\u00e9e avec zoom optique 30x. Zenmuse X7 Cam\u00e9ra Super 35 proposant une qualit\u00e9 professionnelle. [&hellip;]<\/p>\n","protected":false},"author":1,"featured_media":0,"parent":0,"menu_order":0,"comment_status":"closed","ping_status":"closed","template":"page_front-page.php","meta":{"footnotes":""},"class_list":["post-543","page","type-page","status-publish","hentry"],"_links":{"self":[{"href":"https:\/\/lrphotographie.fr\/index.php\/wp-json\/wp\/v2\/pages\/543","targetHints":{"allow":["GET"]}}],"collection":[{"href":"https:\/\/lrphotographie.fr\/index.php\/wp-json\/wp\/v2\/pages"}],"about":[{"href":"https:\/\/lrphotographie.fr\/index.php\/wp-json\/wp\/v2\/types\/page"}],"author":[{"embeddable":true,"href":"https:\/\/lrphotographie.fr\/index.php\/wp-json\/wp\/v2\/users\/1"}],"replies":[{"embeddable":true,"href":"https:\/\/lrphotographie.fr\/index.php\/wp-json\/wp\/v2\/comments?post=543"}],"version-history":[{"count":51,"href":"https:\/\/lrphotographie.fr\/index.php\/wp-json\/wp\/v2\/pages\/543\/revisions"}],"predecessor-version":[{"id":842,"href":"https:\/\/lrphotographie.fr\/index.php\/wp-json\/wp\/v2\/pages\/543\/revisions\/842"}],"wp:attachment":[{"href":"https:\/\/lrphotographie.fr\/index.php\/wp-json\/wp\/v2\/media?parent=543"}],"curies":[{"name":"wp","href":"https:\/\/api.w.org\/{rel}","templated":true}]}}